{"id":135,"date":"2022-07-25T08:50:14","date_gmt":"2022-07-25T08:50:14","guid":{"rendered":"https:\/\/demo.sparklewpthemes.com\/constructionlight\/insurance-lite\/?page_id=135"},"modified":"2026-03-14T18:05:57","modified_gmt":"2026-03-14T18:05:57","slug":"health-insurance-3","status":"publish","type":"page","link":"https:\/\/protecciontotal.us\/index.php\/health-insurance-3\/","title":{"rendered":"Seguro de Vida"},"content":{"rendered":"<p>\u00a0<\/p>\n<h2 data-section-id=\"p3ajfo\" data-start=\"199\" data-end=\"217\">Seguro de Vida<\/h2>\n<p data-start=\"219\" data-end=\"547\">El seguro de vida es una herramienta esencial para proteger el futuro financiero de tu familia y garantizar tranquilidad en los momentos m\u00e1s importantes. Nadie puede predecir lo que ocurrir\u00e1 ma\u00f1ana, pero contar con un seguro de vida te permite asegurarte de que tus seres queridos estar\u00e1n protegidos ante cualquier eventualidad.<\/p>\n<p data-start=\"549\" data-end=\"886\">Un seguro de vida proporciona un respaldo econ\u00f3mico a tus beneficiarios en caso de fallecimiento, ayud\u00e1ndoles a cubrir gastos importantes como vivienda, educaci\u00f3n, deudas, gastos funerarios y otras necesidades financieras. De esta manera, puedes tener la seguridad de que tu familia contar\u00e1 con el apoyo necesario cuando m\u00e1s lo necesite.<\/p>\n<p data-start=\"888\" data-end=\"1213\">Nuestro compromiso es ayudarte a encontrar el plan de seguro de vida que mejor se adapte a tu situaci\u00f3n personal, tus metas financieras y tu presupuesto. Ofrecemos asesor\u00eda personalizada para que comprendas claramente cada opci\u00f3n y puedas tomar una decisi\u00f3n informada que brinde estabilidad y protecci\u00f3n a tus seres queridos.<\/p>\n<p data-start=\"1215\" data-end=\"1424\">Existen diferentes tipos de seguros de vida dise\u00f1ados para cubrir distintas necesidades, incluyendo planes que ofrecen protecci\u00f3n por un per\u00edodo espec\u00edfico o cobertura a largo plazo con beneficios adicionales.<\/p>\n<p data-start=\"1426\" data-end=\"1491\">Entre los beneficios de contar con un seguro de vida se incluyen:<\/p>\n<p data-start=\"1493\" data-end=\"1721\">\u2022 Protecci\u00f3n financiera para tu familia<br data-start=\"1532\" data-end=\"1535\" \/>\u2022 Cobertura para gastos funerarios<br data-start=\"1569\" data-end=\"1572\" \/>\u2022 Apoyo econ\u00f3mico para el pago de deudas<br data-start=\"1612\" data-end=\"1615\" \/>\u2022 Seguridad para el futuro educativo de tus hijos<br data-start=\"1664\" data-end=\"1667\" \/>\u2022 Tranquilidad y estabilidad para tus seres queridos<\/p>\n<p data-start=\"1723\" data-end=\"1890\">Sabemos que cada familia es diferente, por eso trabajamos para ofrecer soluciones flexibles que se adapten a tus necesidades y te permitan proteger lo que m\u00e1s valoras.<\/p>\n<p data-start=\"1892\" data-end=\"2041\">Nuestro objetivo es brindarte un servicio profesional, confiable y transparente, ayud\u00e1ndote a asegurar el bienestar de tu familia hoy y en el futuro.<\/p>\n<h6 data-start=\"2043\" data-end=\"2113\"><strong data-start=\"2043\" data-end=\"2113\">Protege a quienes m\u00e1s amas con un seguro de vida adecuado para ti.<\/strong><\/h6>\n<p data-start=\"2115\" data-end=\"2223\">Cont\u00e1ctanos hoy para recibir asesor\u00eda personalizada y conocer las mejores opciones de cobertura disponibles.<\/p>\n\n\n<p><\/p>\n","protected":false},"excerpt":{"rendered":"<p>\u00a0 Seguro de Vida El seguro de vida es una herramienta esencial para proteger el futuro financiero de tu familia y garantizar tranquilidad en los momentos m\u00e1s importantes. Nadie puede predecir lo que ocurrir\u00e1 ma\u00f1ana, pero contar con un seguro de vida te permite asegurarte de que tus seres queridos&hellip;<\/p>\n","protected":false},"author":1,"featured_media":27,"parent":0,"menu_order":0,"comment_status":"closed","ping_status":"closed","template":"","meta":{"footnotes":""},"class_list":["post-135","page","type-page","status-publish","has-post-thumbnail","hentry"],"_links":{"self":[{"href":"https:\/\/protecciontotal.us\/index.php\/wp-json\/wp\/v2\/pages\/135","targetHints":{"allow":["GET"]}}],"collection":[{"href":"https:\/\/protecciontotal.us\/index.php\/wp-json\/wp\/v2\/pages"}],"about":[{"href":"https:\/\/protecciontotal.us\/index.php\/wp-json\/wp\/v2\/types\/page"}],"author":[{"embeddable":true,"href":"https:\/\/protecciontotal.us\/index.php\/wp-json\/wp\/v2\/users\/1"}],"replies":[{"embeddable":true,"href":"https:\/\/protecciontotal.us\/index.php\/wp-json\/wp\/v2\/comments?post=135"}],"version-history":[{"count":2,"href":"https:\/\/protecciontotal.us\/index.php\/wp-json\/wp\/v2\/pages\/135\/revisions"}],"predecessor-version":[{"id":353,"href":"https:\/\/protecciontotal.us\/index.php\/wp-json\/wp\/v2\/pages\/135\/revisions\/353"}],"wp:featuredmedia":[{"embeddable":true,"href":"https:\/\/protecciontotal.us\/index.php\/wp-json\/wp\/v2\/media\/27"}],"wp:attachment":[{"href":"https:\/\/protecciontotal.us\/index.php\/wp-json\/wp\/v2\/media?parent=135"}],"curies":[{"name":"wp","href":"https:\/\/api.w.org\/{rel}","templated":true}]}}